{"id":29,"date":"2024-10-15T14:38:42","date_gmt":"2024-10-15T14:38:42","guid":{"rendered":"https:\/\/mooyo-utante.de\/?page_id=29"},"modified":"2025-12-05T16:25:57","modified_gmt":"2025-12-05T15:25:57","slug":"mooyo-utante","status":"publish","type":"page","link":"https:\/\/mooyo-utante.de\/fr\/mooyo-utante\/","title":{"rendered":"\u00c0 propos de nous"},"content":{"rendered":"<p>[et_pb_section fb_built=&#8220;1&#8243; _builder_version=&#8220;4.27.4&#8243; _module_preset=&#8220;default&#8220; background_color=&#8220;#f7d618&#8243; custom_padding=&#8220;3px||28px|||&#8220; top_divider_style=&#8220;slant&#8220; top_divider_color=&#8220;#007fff&#8220; top_divider_height=&#8220;96px&#8220; global_colors_info=&#8220;{}&#8220;][et_pb_row _builder_version=&#8220;4.27.4&#8243; _module_preset=&#8220;default&#8220; custom_padding=&#8220;56px||23px|||&#8220; global_colors_info=&#8220;{}&#8220;][et_pb_column type=&#8220;4_4&#8243; _builder_version=&#8220;4.27.4&#8243; _module_preset=&#8220;default&#8220; global_colors_info=&#8220;{}&#8220;][et_pb_text _builder_version=&#8220;4.27.4&#8243; _module_preset=&#8220;default&#8220; header_2_text_color=&#8220;#000000&#8243; header_2_font_size=&#8220;42px&#8220; custom_padding=&#8220;21px|||||&#8220; global_colors_info=&#8220;{}&#8220;]<\/p>\n<h2>Wir \u00fcber uns<\/h2>\n<p>[\/et_pb_text][\/et_pb_column][\/et_pb_row][\/et_pb_section][et_pb_section fb_built=&#8220;1&#8243; custom_padding_last_edited=&#8220;on|tablet&#8220; admin_label=&#8220;About&#8220; _builder_version=&#8220;4.27.3&#8243; background_enable_color=&#8220;off&#8220; custom_margin=&#8220;-1px|||||&#8220; custom_padding=&#8220;2px||8px|10vw|false|false&#8220; custom_padding_tablet=&#8220;|10vw||10vw||true&#8220; custom_padding_phone=&#8220;&#8220; top_divider_style=&#8220;slant&#8220; top_divider_color=&#8220;#ce1021&#8243; top_divider_flip=&#8220;horizontal&#8220; bottom_divider_color=&#8220;#E09900&#8243; custom_width_px__hover=&#8220;1080px&#8220; custom_width_px__hover_enabled=&#8220;1080px&#8220; custom_width_percent__hover=&#8220;80%&#8220; custom_width_percent__hover_enabled=&#8220;80%&#8220; global_colors_info=&#8220;{}&#8220; gutter_width__hover=&#8220;3&#8243; gutter_width__hover_enabled=&#8220;3&#8243; parallax_1__hover=&#8220;off&#8220; parallax_1__hover_enabled=&#8220;off&#8220; parallax_2__hover=&#8220;off&#8220; parallax_2__hover_enabled=&#8220;off&#8220; parallax_3__hover=&#8220;off&#8220; parallax_3__hover_enabled=&#8220;off&#8220; parallax_method_1__hover=&#8220;on&#8220; parallax_method_1__hover_enabled=&#8220;on&#8220; parallax_method_2__hover=&#8220;on&#8220; parallax_method_2__hover_enabled=&#8220;on&#8220; parallax_method_3__hover=&#8220;on&#8220; parallax_method_3__hover_enabled=&#8220;on&#8220; use_background_color_gradient__hover=&#8220;off&#8220; use_background_color_gradient__hover_enabled=&#8220;off&#8220; background_color_gradient_start__hover=&#8220;#2b87da&#8220; background_color_gradient_start__hover_enabled=&#8220;#2b87da&#8220; background_color_gradient_end__hover=&#8220;#29c4a9&#8243; background_color_gradient_end__hover_enabled=&#8220;#29c4a9&#8243; background_color_gradient_type__hover=&#8220;linear&#8220; background_color_gradient_type__hover_enabled=&#8220;linear&#8220; background_color_gradient_direction__hover=&#8220;180deg&#8220; background_color_gradient_direction__hover_enabled=&#8220;180deg&#8220; background_color_gradient_direction_radial__hover=&#8220;center&#8220; background_color_gradient_direction_radial__hover_enabled=&#8220;center&#8220; background_color_gradient_start_position__hover=&#8220;0%&#8220; background_color_gradient_start_position__hover_enabled=&#8220;0%&#8220; background_color_gradient_end_position__hover=&#8220;100%&#8220; background_color_gradient_end_position__hover_enabled=&#8220;100%&#8220; background_color_gradient_overlays_image__hover=&#8220;off&#8220; background_color_gradient_overlays_image__hover_enabled=&#8220;off&#8220; parallax__hover=&#8220;off&#8220; parallax__hover_enabled=&#8220;off&#8220; parallax_method__hover=&#8220;on&#8220; parallax_method__hover_enabled=&#8220;on&#8220; background_size__hover=&#8220;cover&#8220; background_size__hover_enabled=&#8220;cover&#8220; background_position__hover=&#8220;center&#8220; background_position__hover_enabled=&#8220;center&#8220; background_repeat__hover=&#8220;no-repeat&#8220; background_repeat__hover_enabled=&#8220;no-repeat&#8220; background_blend__hover=&#8220;normal&#8220; background_blend__hover_enabled=&#8220;normal&#8220; allow_player_pause__hover=&#8220;off&#8220; allow_player_pause__hover_enabled=&#8220;off&#8220; background_video_pause_outside_viewport__hover=&#8220;on&#8220; background_video_pause_outside_viewport__hover_enabled=&#8220;on&#8220; inner_shadow__hover=&#8220;off&#8220; inner_shadow__hover_enabled=&#8220;off&#8220; make_fullwidth__hover=&#8220;off&#8220; make_fullwidth__hover_enabled=&#8220;off&#8220; use_custom_width__hover=&#8220;off&#8220; use_custom_width__hover_enabled=&#8220;off&#8220; width_unit__hover=&#8220;on&#8220; width_unit__hover_enabled=&#8220;on&#8220; make_equal__hover=&#8220;off&#8220; make_equal__hover_enabled=&#8220;off&#8220; use_custom_gutter__hover=&#8220;off&#8220; use_custom_gutter__hover_enabled=&#8220;off&#8220; border_radii__hover=&#8220;on||||&#8220; border_radii__hover_enabled=&#8220;on||||&#8220; box_shadow_style__hover=&#8220;none&#8220; box_shadow_style__hover_enabled=&#8220;none&#8220; box_shadow_color__hover=&#8220;rgba(0,0,0,0.3)&#8220; box_shadow_color__hover_enabled=&#8220;rgba(0,0,0,0.3)&#8220; max_width__hover=&#8220;100%&#8220; max_width__hover_enabled=&#8220;100%&#8220; filter_hue_rotate__hover=&#8220;0deg&#8220; filter_hue_rotate__hover_enabled=&#8220;0deg&#8220; filter_saturate__hover=&#8220;100%&#8220; filter_saturate__hover_enabled=&#8220;100%&#8220; filter_brightness__hover=&#8220;100%&#8220; filter_brightness__hover_enabled=&#8220;100%&#8220; filter_contrast__hover=&#8220;100%&#8220; filter_contrast__hover_enabled=&#8220;100%&#8220; filter_invert__hover=&#8220;0%&#8220; filter_invert__hover_enabled=&#8220;0%&#8220; filter_sepia__hover=&#8220;0%&#8220; filter_sepia__hover_enabled=&#8220;0%&#8220; filter_opacity__hover=&#8220;100%&#8220; filter_opacity__hover_enabled=&#8220;100%&#8220; filter_blur__hover=&#8220;0px&#8220; filter_blur__hover_enabled=&#8220;0px&#8220; mix_blend_mode__hover=&#8220;normal&#8220; mix_blend_mode__hover_enabled=&#8220;normal&#8220; animation_style__hover=&#8220;none&#8220; animation_style__hover_enabled=&#8220;none&#8220; animation_repeat__hover=&#8220;once&#8220; animation_repeat__hover_enabled=&#8220;once&#8220; animation_direction__hover=&#8220;center&#8220; animation_direction__hover_enabled=&#8220;center&#8220; animation_duration__hover=&#8220;1000ms&#8220; animation_duration__hover_enabled=&#8220;1000ms&#8220; animation_delay__hover=&#8220;0ms&#8220; animation_delay__hover_enabled=&#8220;0ms&#8220; animation_intensity_slide__hover=&#8220;50%&#8220; animation_intensity_slide__hover_enabled=&#8220;50%&#8220; animation_intensity_zoom__hover=&#8220;50%&#8220; animation_intensity_zoom__hover_enabled=&#8220;50%&#8220; animation_intensity_flip__hover=&#8220;50%&#8220; animation_intensity_flip__hover_enabled=&#8220;50%&#8220; animation_intensity_fold__hover=&#8220;50%&#8220; animation_intensity_fold__hover_enabled=&#8220;50%&#8220; animation_intensity_roll__hover=&#8220;50%&#8220; animation_intensity_roll__hover_enabled=&#8220;50%&#8220; animation_starting_opacity__hover=&#8220;0%&#8220; animation_starting_opacity__hover_enabled=&#8220;0%&#8220; animation_speed_curve__hover=&#8220;ease-in-out&#8220; animation_speed_curve__hover_enabled=&#8220;ease-in-out&#8220; hover_transition_duration__hover=&#8220;300ms&#8220; hover_transition_duration__hover_enabled=&#8220;300ms&#8220; hover_transition_delay__hover=&#8220;0ms&#8220; hover_transition_delay__hover_enabled=&#8220;0ms&#8220; hover_transition_speed_curve__hover=&#8220;ease&#8220; hover_transition_speed_curve__hover_enabled=&#8220;ease&#8220; background_color_gradient_stops__hover=&#8220;#2b87da 0%|#29c4a9 100%&#8220;][et_pb_row _builder_version=&#8220;4.27.4&#8243; width=&#8220;94%&#8220; max_width=&#8220;100%&#8220; module_alignment=&#8220;left&#8220; custom_margin=&#8220;5px|auto||auto||&#8220; custom_padding=&#8220;||22px|||&#8220; use_custom_width=&#8220;on&#8220; width_unit=&#8220;off&#8220; custom_width_percent=&#8220;100%&#8220; global_colors_info=&#8220;{}&#8220;][et_pb_column type=&#8220;4_4&#8243; _builder_version=&#8220;4.16&#8243; custom_padding=&#8220;|||&#8220; custom_padding_tablet=&#8220;|10vw||10vw||true&#8220; custom_padding_phone=&#8220;|||&#8220; custom_padding_last_edited=&#8220;off|desktop&#8220; global_colors_info=&#8220;{}&#8220; custom_padding__hover=&#8220;|||&#8220;][et_pb_text _builder_version=&#8220;4.27.4&#8243; text_font=&#8220;||||||||&#8220; text_font_size=&#8220;22px&#8220; text_line_height=&#8220;1.4em&#8220; header_2_font=&#8220;||||||||&#8220; custom_margin=&#8220;||5px|||&#8220; custom_padding=&#8220;93px|||||&#8220; text_font_size_tablet=&#8220;22px&#8220; text_font_size_phone=&#8220;20px&#8220; text_font_size_last_edited=&#8220;on|phone&#8220; global_colors_info=&#8220;{}&#8220;]<\/p>\n<p>Der Verein Mooyo Utante e.V. ist eingetragen im Vereinsregister des Amtsgerichts Landau\/Pfalz.<\/p>\n<p><strong>Zweck des Vereins<\/strong><\/p>\n<p style=\"padding-left: 40px;\">F\u00f6rderung<\/p>\n<p style=\"padding-left: 80px;\">&#8211; der Entwicklungszusammenarbeit<br \/>&#8211; der Bildung und Erziehung und<br \/>&#8211; des Gesundheitswesens.<\/p>\n<p>Besonders bei den Sch\u00fclern und Auszubildenden der Schulen von Centre Budikadidi in der Stadt Tshikapa,\u00a0 Demokratische Republik Kongo, soll der Aufbau von Werten, wie Vertrauen auf eigene F\u00e4higkeiten, Verantwortung, Liebe zur Arbeit und Zuverl\u00e4ssigkeit gef\u00f6rdert werden. Sie sind ein festes Fundament f\u00fcr neue politische, wirtschaftliche, soziale, kulturelle und religi\u00f6se Strukturen, und die Voraussetzung f\u00fcr eine neue und bessere Gesellschaft.<\/p>\n<p>Organe des Vereins sind die <strong>Mitgliederversammlung<\/strong> und der <strong>Vorstand<\/strong>.<\/p>\n<p>Die<strong> Mitgliederversammlung<\/strong> findet mindestens einmal j\u00e4hrlich statt. Sie w\u00e4hlt und entlastet den Vorstand, nimmt den Jahresbericht der Gesch\u00e4ftsf\u00fchrung und den Jahresabschluss entgegen und entscheidet \u00fcber Satzungs\u00e4nderungen.<\/p>\n<p>Der <strong>Vorstand<\/strong> des Vereins hat 7 Mitglieder. Die Vorstandsmitglieder werden von der Mitgliederversammlung f\u00fcr die Dauer von zwei Jahren gew\u00e4hlt. 2024 fand die letzte Wahl statt. Der aktuelle Vorstand hat folgende Mitglieder:<\/p>\n<p style=\"padding-left: 80px;\">Dr. Constantin Panu, Vorsitzender<br \/>Anneliese Metzger, stellvertretende Vorsitzende<br \/>Winfried Braun, Kassenf\u00fchrer<br \/>Josef Reindl, Schriftf\u00fchrer<br \/>Rudi Bantz, Beisitzer<br \/>Margarete Drei\u00dfigacker, Beisitzerin<br \/>Dr. Tao Nkashama, Beisitzer<\/p>\n<p>Der Vorstand ist ehrenamtlich t\u00e4tig und erh\u00e4lt keine Verg\u00fctungen oder Aufwandsentsch\u00e4digungen.<br \/><span style=\"font-size: 22px;\">Die Mitglieder werden 2 x j\u00e4hrlich mit einem Newsletter \u00fcber die T\u00e4tigkeiten von Mooyo Utante und Centre Budikadidi informiert.<\/span><\/p>\n<p><strong><br \/>Die Zusammenarbeit mit dem Projektpartner Centre Budikadidi<\/strong><strong> <\/strong><\/p>\n<p><strong><\/strong><\/p>\n<ul>\n<li>Wir sind uns der lokalen Kompetenzen bewusst.<\/li>\n<li>Wir unterst\u00fctzen die Projekte finanziell und gegebenenfalls mit Fachwissen.<\/li>\n<li>Wir sorgen daf\u00fcr, dass die finanziellen Ressourcen verantwortungsvoll eingesetzt werden.<\/li>\n<li>Wir \u00fcberlassen es unserem Partner selbst als Hauptakteur seiner eigenen Entwicklung zu agieren.<\/li>\n<li>Unser Motto bleibt \u201eHilfe zur Selbsthilfe\u201c.<\/li>\n<li>Die Finanzierung der Projekte unterliegt einer Jahresplanung. Sie basiert auf dem Bedarf des Projektpartners und wird aufgrund von Kostenvoranschl\u00e4gen und der finanziellen M\u00f6glichkeiten von Mooyo Utante in Absprache mit unserem Projektpartner erstellt.<\/li>\n<\/ul>\n<p>[\/et_pb_text][\/et_pb_column][\/et_pb_row][\/et_pb_section][et_pb_section fb_built=&#8220;1&#8243; _builder_version=&#8220;4.27.4&#8243; _module_preset=&#8220;default&#8220; custom_padding=&#8220;||22px|||&#8220; global_colors_info=&#8220;{}&#8220;][et_pb_row column_structure=&#8220;1_3,1_3,1_3&#8243; _builder_version=&#8220;4.27.4&#8243; _module_preset=&#8220;default&#8220; global_colors_info=&#8220;{}&#8220;][et_pb_column type=&#8220;1_3&#8243; _builder_version=&#8220;4.27.4&#8243; _module_preset=&#8220;default&#8220; global_colors_info=&#8220;{}&#8220;][et_pb_image src=&#8220;https:\/\/mooyo-utante.de\/wp-content\/uploads\/2025\/08\/2-Maniokernte.jpg&#8220; alt=&#8220;Maniok-Ernte&#8220; title_text=&#8220;2) Maniokernte&#8220; show_in_lightbox=&#8220;on&#8220; _builder_version=&#8220;4.27.4&#8243; _module_preset=&#8220;default&#8220; custom_margin=&#8220;||16px|||&#8220; global_colors_info=&#8220;{}&#8220;][\/et_pb_image][et_pb_text _builder_version=&#8220;4.27.4&#8243; _module_preset=&#8220;default&#8220; text_font_size=&#8220;8px&#8220; global_colors_info=&#8220;{}&#8220;]<\/p>\n<h4 style=\"text-align: center;\">Ern\u00e4hrung\/Gesundheit (Maniokernte)<\/h4>\n<p>[\/et_pb_text][\/et_pb_column][et_pb_column type=&#8220;1_3&#8243; _builder_version=&#8220;4.27.4&#8243; _module_preset=&#8220;default&#8220; global_colors_info=&#8220;{}&#8220;][et_pb_image src=&#8220;https:\/\/mooyo-utante.de\/wp-content\/uploads\/2025\/12\/Rinderzucht-1.jpg&#8220; title_text=&#8220;Rinderzucht&#8220; _builder_version=&#8220;4.27.5&#8243; _module_preset=&#8220;default&#8220; global_colors_info=&#8220;{}&#8220;][\/et_pb_image][et_pb_text _builder_version=&#8220;4.27.5&#8243; _module_preset=&#8220;default&#8220; global_colors_info=&#8220;{}&#8220;]<\/p>\n<h4 style=\"text-align: center;\">Rinderzucht<\/h4>\n<p>[\/et_pb_text][\/et_pb_column][et_pb_column type=&#8220;1_3&#8243; _builder_version=&#8220;4.27.4&#8243; _module_preset=&#8220;default&#8220; global_colors_info=&#8220;{}&#8220;][et_pb_image src=&#8220;https:\/\/mooyo-utante.de\/wp-content\/uploads\/2025\/12\/Neues-Schuljahr-Sept-2025-1.jpg&#8220; alt=&#8220;Neues Schuljahr Sept. 2025&#8243; title_text=&#8220;Neues Schuljahr Sept. 2025&#8243; _builder_version=&#8220;4.27.4&#8243; _module_preset=&#8220;default&#8220; global_colors_info=&#8220;{}&#8220;][\/et_pb_image][et_pb_text _builder_version=&#8220;4.27.4&#8243; _module_preset=&#8220;default&#8220; global_colors_info=&#8220;{}&#8220;]<\/p>\n<h4 style=\"text-align: center;\">Neues Schuljahr 2025\/2026<\/h4>\n<p>[\/et_pb_text][\/et_pb_column][\/et_pb_row][et_pb_row column_structure=&#8220;1_3,1_3,1_3&#8243; _builder_version=&#8220;4.27.4&#8243; _module_preset=&#8220;default&#8220; ab_subject=&#8220;on&#8220; ab_subject_id=&#8220;1&#8243; global_colors_info=&#8220;{}&#8220;][et_pb_column type=&#8220;1_3&#8243; _builder_version=&#8220;4.27.4&#8243; _module_preset=&#8220;default&#8220; global_colors_info=&#8220;{}&#8220;][et_pb_image src=&#8220;https:\/\/mooyo-utante.de\/wp-content\/uploads\/2025\/04\/ITM1.jpeg&#8220; alt=&#8220;Ausbildung Krankenpflege&#8220; title_text=&#8220;Ausbildung Krankenpflege&#8220; show_in_lightbox=&#8220;on&#8220; _builder_version=&#8220;4.27.4&#8243; _module_preset=&#8220;default&#8220; custom_margin=&#8220;||25px|||&#8220; border_width_all=&#8220;1px&#8220; global_colors_info=&#8220;{}&#8220;][\/et_pb_image][et_pb_text _builder_version=&#8220;4.27.4&#8243; _module_preset=&#8220;default&#8220; custom_padding=&#8220;1px|||||&#8220; global_colors_info=&#8220;{}&#8220;]<\/p>\n<h4 style=\"text-align: center;\">Praktische Ausbildung in Krankenpflege und Geburtshilfe<\/h4>\n<p>[\/et_pb_text][\/et_pb_column][et_pb_column type=&#8220;1_3&#8243; _builder_version=&#8220;4.27.4&#8243; _module_preset=&#8220;default&#8220; global_colors_info=&#8220;{}&#8220;][et_pb_image src=&#8220;https:\/\/mooyo-utante.de\/wp-content\/uploads\/2025\/08\/3-Ausbildung-Elektrotechnik.png&#8220; alt=&#8220;Ausbildung Elektrotechnik&#8220; title_text=&#8220;3) Ausbildung Elektrotechnik&#8220; show_in_lightbox=&#8220;on&#8220; _builder_version=&#8220;4.27.4&#8243; _module_preset=&#8220;default&#8220; custom_margin=&#8220;||21px|||&#8220; global_colors_info=&#8220;{}&#8220;][\/et_pb_image][et_pb_text _builder_version=&#8220;4.27.4&#8243; _module_preset=&#8220;default&#8220; global_colors_info=&#8220;{}&#8220;]<\/p>\n<h4 style=\"text-align: center;\">Ausbildung\u00a0 in Elektrotechnik<\/h4>\n<p>[\/et_pb_text][et_pb_image src=&#8220;https:\/\/mooyo-utante.de\/wp-content\/uploads\/2025\/09\/Ausbildung-Krankenpflege-2025-07-07-um-10.53.17.jpg&#8220; alt=&#8220;Schueler der Krankenpflegeschule&#8220; title_text=&#8220;Ausbildung Krankenpflege 2025-07-07 um 10.53.17&#8243; _builder_version=&#8220;4.27.4&#8243; _module_preset=&#8220;default&#8220; global_colors_info=&#8220;{}&#8220;][\/et_pb_image][et_pb_text _builder_version=&#8220;4.27.4&#8243; _module_preset=&#8220;default&#8220; global_colors_info=&#8220;{}&#8220;]<\/p>\n<h4 style=\"text-align: center;\">Theoretische Ausbildung in Krankenpflege und Geburtshilfe<\/h4>\n<p>[\/et_pb_text][\/et_pb_column][et_pb_column type=&#8220;1_3&#8243; _builder_version=&#8220;4.27.4&#8243; _module_preset=&#8220;default&#8220; global_colors_info=&#8220;{}&#8220;][et_pb_image src=&#8220;https:\/\/mooyo-utante.de\/wp-content\/uploads\/2025\/09\/Naehmaschine.jpg&#8220; alt=&#8220;Ausbildung in Naehen und Schneidern&#8220; title_text=&#8220;Naehmaschine&#8220; _builder_version=&#8220;4.27.4&#8243; _module_preset=&#8220;default&#8220; global_colors_info=&#8220;{}&#8220;][\/et_pb_image][et_pb_text _builder_version=&#8220;4.27.4&#8243; _module_preset=&#8220;default&#8220; global_colors_info=&#8220;{}&#8220;]<\/p>\n<h4 style=\"text-align: center;\">Ausbildung N\u00e4hen und Schneidern<\/h4>\n<p>[\/et_pb_text][et_pb_image src=&#8220;https:\/\/mooyo-utante.de\/wp-content\/uploads\/2025\/12\/Naehschule.jpg&#8220; title_text=&#8220;N\u00e4hschule&#8220; _builder_version=&#8220;4.27.5&#8243; _module_preset=&#8220;default&#8220; global_colors_info=&#8220;{}&#8220;][\/et_pb_image][et_pb_text _builder_version=&#8220;4.27.5&#8243; _module_preset=&#8220;default&#8220; global_colors_info=&#8220;{}&#8220;]<\/p>\n<h4 style=\"text-align: center;\">Abschlussarbeiten der Auszubildenden<\/h4>\n<p>[\/et_pb_text][\/et_pb_column][\/et_pb_row][\/et_pb_section]<\/p>\n","protected":false},"excerpt":{"rendered":"<p>Wir \u00fcber unsDer Verein Mooyo Utante e.V. ist eingetragen im Vereinsregister des Amtsgerichts Landau\/Pfalz. Zweck des Vereins F\u00f6rderung &#8211; der Entwicklungszusammenarbeit- der Bildung und Erziehung und- des Gesundheitswesens. Besonders bei [&hellip;]<\/p>\n","protected":false},"author":1,"featured_media":0,"parent":0,"menu_order":0,"comment_status":"closed","ping_status":"open","template":"","meta":{"_et_pb_use_builder":"on","_et_pb_old_content":"<!-- wp:paragraph -->\n<p>\"Puisse la vie se prolonger\".<\/p>\n<!-- \/wp:paragraph -->\n\n<!-- wp:paragraph -->\n<p>Il s\u2019agit d\u2019une salutation congolaise (peuple Luba),<\/p>\n<!-- \/wp:paragraph -->\n\n<!-- wp:paragraph -->\n<p>souhaitant que tous aient la vie en pl\u00e9nitude.<\/p>\n<!-- \/wp:paragraph -->\n\n<!-- wp:paragraph -->\n<p><\/p>\n<!-- \/wp:paragraph -->","_et_gb_content_width":"","footnotes":""},"class_list":["post-29","page","type-page","status-publish","hentry"],"_links":{"self":[{"href":"https:\/\/mooyo-utante.de\/fr\/wp-json\/wp\/v2\/pages\/29","targetHints":{"allow":["GET"]}}],"collection":[{"href":"https:\/\/mooyo-utante.de\/fr\/wp-json\/wp\/v2\/pages"}],"about":[{"href":"https:\/\/mooyo-utante.de\/fr\/wp-json\/wp\/v2\/types\/page"}],"author":[{"embeddable":true,"href":"https:\/\/mooyo-utante.de\/fr\/wp-json\/wp\/v2\/users\/1"}],"replies":[{"embeddable":true,"href":"https:\/\/mooyo-utante.de\/fr\/wp-json\/wp\/v2\/comments?post=29"}],"version-history":[{"count":29,"href":"https:\/\/mooyo-utante.de\/fr\/wp-json\/wp\/v2\/pages\/29\/revisions"}],"predecessor-version":[{"id":891,"href":"https:\/\/mooyo-utante.de\/fr\/wp-json\/wp\/v2\/pages\/29\/revisions\/891"}],"wp:attachment":[{"href":"https:\/\/mooyo-utante.de\/fr\/wp-json\/wp\/v2\/media?parent=29"}],"curies":[{"name":"wp","href":"https:\/\/api.w.org\/{rel}","templated":true}]}}